{"id":18082,"date":"2024-01-03T12:17:51","date_gmt":"2024-01-03T12:17:51","guid":{"rendered":"https:\/\/www.pgbpanama.com\/?page_id=18082"},"modified":"2026-01-15T10:42:18","modified_gmt":"2026-01-15T10:42:18","slug":"nosotros","status":"publish","type":"page","link":"https:\/\/www.pgbpanama.com\/?page_id=18082","title":{"rendered":"Nosotros"},"content":{"rendered":"\t\t<div data-elementor-type=\"wp-page\" data-elementor-id=\"18082\" class=\"elementor elementor-18082\" data-elementor-post-type=\"page\">\n\t\t\t\t\t\t<section class=\"elementor-section elementor-top-section elementor-element elementor-element-f2f114a elementor-section-boxed elementor-section-height-default elementor-section-height-default sc_fly_static\" data-id=\"f2f114a\" data-element_type=\"section\" data-e-type=\"section\">\n\t\t\t\t\t\t<div class=\"elementor-container elementor-column-gap-extended\">\n\t\t\t\t\t<div class=\"elementor-column elementor-col-100 elementor-top-column elementor-element elementor-element-7543ff5 sc_content_align_inherit sc_layouts_column_icons_position_left sc_fly_static\" data-id=\"7543ff5\" data-element_type=\"column\" data-e-type=\"column\">\n\t\t\t<div class=\"elementor-widget-wrap elementor-element-populated\">\n\t\t\t\t\t\t<div class=\"elementor-element elementor-element-2569d2b sc_height_huge sc_fly_static elementor-widget elementor-widget-spacer\" data-id=\"2569d2b\" data-element_type=\"widget\" data-e-type=\"widget\" data-widget_type=\"spacer.default\">\n\t\t\t\t<div class=\"elementor-widget-container\">\n\t\t\t\t\t\t\t<div class=\"elementor-spacer\">\n\t\t\t<div class=\"elementor-spacer-inner\"><\/div>\n\t\t<\/div>\n\t\t\t\t\t\t<\/div>\n\t\t\t\t<\/div>\n\t\t\t\t\t<\/div>\n\t\t<\/div>\n\t\t\t\t\t<\/div>\n\t\t<\/section>\n\t\t\t\t<section class=\"elementor-section elementor-top-section elementor-element elementor-element-3152f6f1 elementor-section-boxed elementor-section-height-default elementor-section-height-default sc_fly_static\" data-id=\"3152f6f1\" data-element_type=\"section\" data-e-type=\"section\">\n\t\t\t\t\t\t<div class=\"elementor-container elementor-column-gap-extended\">\n\t\t\t\t\t<div class=\"elementor-column elementor-col-50 elementor-top-column elementor-element elementor-element-1b035bc9 sc_content_align_inherit sc_layouts_column_icons_position_left sc_fly_static\" data-id=\"1b035bc9\" data-element_type=\"column\" data-e-type=\"column\">\n\t\t\t<div class=\"elementor-widget-wrap elementor-element-populated\">\n\t\t\t\t\t\t<div data-animation-type=\"block\" class=\"elementor-element elementor-element-2a4f0a66 animation_type_block sc_fly_static elementor-invisible elementor-widget elementor-widget-trx_sc_title\" data-id=\"2a4f0a66\" data-element_type=\"widget\" data-e-type=\"widget\" data-settings=\"{&quot;_animation&quot;:&quot;etude-fadeinup&quot;}\" data-widget_type=\"trx_sc_title.default\">\n\t\t\t\t<div class=\"elementor-widget-container\">\n\t\t\t\t\t<div\t\tclass=\"sc_title sc_title_default\" ><span class=\"sc_item_subtitle sc_title_subtitle sc_item_subtitle_above sc_item_title_style_default\">NOSOTROS<\/span><h2 class=\"sc_item_title sc_title_title sc_item_title_style_default sc_item_title_tag\"\n\t\t\t><span class=\"sc_item_title_text\">L\u00edderes en Soluciones Log\u00edsticas, Manpower y Manejo de Carga en Panam\u00e1\n<\/span><\/h2><\/div>\t\t\t\t<\/div>\n\t\t\t\t<\/div>\n\t\t\t\t<div data-animation-type=\"block\" class=\"elementor-element elementor-element-756f39e4 no-title animation_type_block sc_fly_static elementor-invisible elementor-widget elementor-widget-image\" data-id=\"756f39e4\" data-element_type=\"widget\" data-e-type=\"widget\" data-settings=\"{&quot;_animation&quot;:&quot;etude-fadeinup&quot;,&quot;_animation_delay&quot;:100}\" data-widget_type=\"image.default\">\n\t\t\t\t<div class=\"elementor-widget-container\">\n\t\t\t\t\t\t\t\t\t\t\t\t\t\t\t<img fetchpriority=\"high\" decoding=\"async\" width=\"2560\" height=\"1429\" src=\"https:\/\/www.pgbpanama.com\/wp-content\/uploads\/2025\/12\/seg.ocupaccional-scaled.webp\" class=\"attachment-full size-full wp-image-25717\" alt=\"\" srcset=\"https:\/\/www.pgbpanama.com\/wp-content\/uploads\/2025\/12\/seg.ocupaccional-scaled.webp 2560w, https:\/\/www.pgbpanama.com\/wp-content\/uploads\/2025\/12\/seg.ocupaccional-300x167.webp 300w, https:\/\/www.pgbpanama.com\/wp-content\/uploads\/2025\/12\/seg.ocupaccional-1024x572.webp 1024w, https:\/\/www.pgbpanama.com\/wp-content\/uploads\/2025\/12\/seg.ocupaccional-768x429.webp 768w, https:\/\/www.pgbpanama.com\/wp-content\/uploads\/2025\/12\/seg.ocupaccional-1536x857.webp 1536w, https:\/\/www.pgbpanama.com\/wp-content\/uploads\/2025\/12\/seg.ocupaccional-2048x1143.webp 2048w, https:\/\/www.pgbpanama.com\/wp-content\/uploads\/2025\/12\/seg.ocupaccional-370x207.webp 370w, https:\/\/www.pgbpanama.com\/wp-content\/uploads\/2025\/12\/seg.ocupaccional-410x229.webp 410w, https:\/\/www.pgbpanama.com\/wp-content\/uploads\/2025\/12\/seg.ocupaccional-840x469.webp 840w, https:\/\/www.pgbpanama.com\/wp-content\/uploads\/2025\/12\/seg.ocupaccional-600x335.webp 600w, https:\/\/www.pgbpanama.com\/wp-content\/uploads\/2025\/12\/seg.ocupaccional-270x152.webp 270w\" sizes=\"(max-width: 2560px) 100vw, 2560px\" \/>\t\t\t\t\t\t\t\t\t\t\t\t\t\t\t<\/div>\n\t\t\t\t<\/div>\n\t\t\t\t<div class=\"elementor-element elementor-element-51bb744c sc_fly_static elementor-widget elementor-widget-spacer\" data-id=\"51bb744c\" data-element_type=\"widget\" data-e-type=\"widget\" data-widget_type=\"spacer.default\">\n\t\t\t\t<div class=\"elementor-widget-container\">\n\t\t\t\t\t\t\t<div class=\"elementor-spacer\">\n\t\t\t<div class=\"elementor-spacer-inner\"><\/div>\n\t\t<\/div>\n\t\t\t\t\t\t<\/div>\n\t\t\t\t<\/div>\n\t\t\t\t\t<\/div>\n\t\t<\/div>\n\t\t\t\t<div class=\"elementor-column elementor-col-50 elementor-top-column elementor-element elementor-element-5a384791 sc_content_align_inherit sc_layouts_column_icons_position_left sc_fly_static\" data-id=\"5a384791\" data-element_type=\"column\" data-e-type=\"column\">\n\t\t\t<div class=\"elementor-widget-wrap elementor-element-populated\">\n\t\t\t\t\t\t<div data-animation-type=\"block\" class=\"elementor-element elementor-element-77840879 no-title sc_layouts_hide_on_tablet sc_layouts_hide_on_mobile animation_type_block sc_fly_static elementor-invisible elementor-widget elementor-widget-image\" data-id=\"77840879\" data-element_type=\"widget\" data-e-type=\"widget\" data-settings=\"{&quot;_animation&quot;:&quot;etude-fadeinup&quot;,&quot;_animation_delay&quot;:100}\" data-widget_type=\"image.default\">\n\t\t\t\t<div class=\"elementor-widget-container\">\n\t\t\t\t\t\t\t\t\t\t\t\t\t\t\t<img decoding=\"async\" width=\"800\" height=\"800\" src=\"https:\/\/www.pgbpanama.com\/wp-content\/uploads\/2025\/12\/MAXH0449-1.jpg\" class=\"attachment-full size-full wp-image-24775\" alt=\"\" srcset=\"https:\/\/www.pgbpanama.com\/wp-content\/uploads\/2025\/12\/MAXH0449-1.jpg 800w, https:\/\/www.pgbpanama.com\/wp-content\/uploads\/2025\/12\/MAXH0449-1-300x300.jpg 300w, https:\/\/www.pgbpanama.com\/wp-content\/uploads\/2025\/12\/MAXH0449-1-150x150.jpg 150w, https:\/\/www.pgbpanama.com\/wp-content\/uploads\/2025\/12\/MAXH0449-1-768x768.jpg 768w, https:\/\/www.pgbpanama.com\/wp-content\/uploads\/2025\/12\/MAXH0449-1-370x370.jpg 370w, https:\/\/www.pgbpanama.com\/wp-content\/uploads\/2025\/12\/MAXH0449-1-120x120.jpg 120w, https:\/\/www.pgbpanama.com\/wp-content\/uploads\/2025\/12\/MAXH0449-1-410x410.jpg 410w, https:\/\/www.pgbpanama.com\/wp-content\/uploads\/2025\/12\/MAXH0449-1-600x600.jpg 600w, https:\/\/www.pgbpanama.com\/wp-content\/uploads\/2025\/12\/MAXH0449-1-460x460.jpg 460w\" sizes=\"(max-width: 800px) 100vw, 800px\" \/>\t\t\t\t\t\t\t\t\t\t\t\t\t\t\t<\/div>\n\t\t\t\t<\/div>\n\t\t\t\t<div class=\"elementor-element elementor-element-6152e3f6 sc_fly_static elementor-widget elementor-widget-text-editor\" data-id=\"6152e3f6\" data-element_type=\"widget\" data-e-type=\"widget\" data-widget_type=\"text-editor.default\">\n\t\t\t\t<div class=\"elementor-widget-container\">\n\t\t\t\t\t\t\t\t\t<div class=\"elementor-element elementor-element-5e0dc66a elementor-widget elementor-widget-text-editor\" data-id=\"5e0dc66a\" data-element_type=\"widget\" data-widget_type=\"text-editor.default\"><div class=\"elementor-widget-container\">Premium Ground Business S.A. con 20 a\u00f1os de experiencia en el sector de carga en Panam\u00e1, ofrece soluciones log\u00edsticas a los diferentes requerimientos de sus clientes.<\/div><div>\u00a0<\/div><\/div><div class=\"elementor-element elementor-element-78a2259 elementor-widget elementor-widget-text-editor\" data-id=\"78a2259\" data-element_type=\"widget\" data-widget_type=\"text-editor.default\"><div class=\"elementor-widget-container\">Desde 2019 PGB avanza hacia la certificaci\u00f3n como operador log\u00edstico en aeropuertos de Panam\u00e1 ante la AAC, consolid\u00e1ndose en un socio confiable para sus operaciones de cargas a\u00e9reas en Panam\u00e1.<\/div><\/div>\t\t\t\t\t\t\t\t<\/div>\n\t\t\t\t<\/div>\n\t\t\t\t<div class=\"elementor-element elementor-element-2cd2c466 sc_fly_static elementor-widget elementor-widget-spacer\" data-id=\"2cd2c466\" data-element_type=\"widget\" data-e-type=\"widget\" data-widget_type=\"spacer.default\">\n\t\t\t\t<div class=\"elementor-widget-container\">\n\t\t\t\t\t\t\t<div class=\"elementor-spacer\">\n\t\t\t<div class=\"elementor-spacer-inner\"><\/div>\n\t\t<\/div>\n\t\t\t\t\t\t<\/div>\n\t\t\t\t<\/div>\n\t\t\t\t\t<\/div>\n\t\t<\/div>\n\t\t\t\t\t<\/div>\n\t\t<\/section>\n\t\t\t\t<section class=\"elementor-section elementor-top-section elementor-element elementor-element-47bf452 elementor-section-boxed elementor-section-height-default elementor-section-height-default sc_fly_static\" data-id=\"47bf452\" data-element_type=\"section\" data-e-type=\"section\">\n\t\t\t\t\t\t<div class=\"elementor-container elementor-column-gap-extended\">\n\t\t\t\t\t<div class=\"elementor-column elementor-col-100 elementor-top-column elementor-element elementor-element-6904f58 sc_content_align_inherit sc_layouts_column_icons_position_left sc_fly_static\" data-id=\"6904f58\" data-element_type=\"column\" data-e-type=\"column\">\n\t\t\t<div class=\"elementor-widget-wrap elementor-element-populated\">\n\t\t\t\t\t\t<div class=\"elementor-element elementor-element-4b0e4b6 sc_height_huge sc_layouts_hide_on_tablet sc_layouts_hide_on_mobile sc_fly_static elementor-widget elementor-widget-spacer\" data-id=\"4b0e4b6\" data-element_type=\"widget\" data-e-type=\"widget\" data-widget_type=\"spacer.default\">\n\t\t\t\t<div class=\"elementor-widget-container\">\n\t\t\t\t\t\t\t<div class=\"elementor-spacer\">\n\t\t\t<div class=\"elementor-spacer-inner\"><\/div>\n\t\t<\/div>\n\t\t\t\t\t\t<\/div>\n\t\t\t\t<\/div>\n\t\t\t\t\t<\/div>\n\t\t<\/div>\n\t\t\t\t\t<\/div>\n\t\t<\/section>\n\t\t\t\t<section class=\"elementor-section elementor-top-section elementor-element elementor-element-e09ef85 elementor-section-boxed elementor-section-height-default elementor-section-height-default sc_fly_static\" data-id=\"e09ef85\" data-element_type=\"section\" data-e-type=\"section\">\n\t\t\t\t\t\t<div class=\"elementor-container elementor-column-gap-extended\">\n\t\t\t\t\t<div class=\"elementor-column elementor-col-50 elementor-top-column elementor-element elementor-element-b444a71 sc_content_align_inherit sc_layouts_column_icons_position_left sc_fly_static\" data-id=\"b444a71\" data-element_type=\"column\" data-e-type=\"column\">\n\t\t\t<div class=\"elementor-widget-wrap elementor-element-populated\">\n\t\t\t\t\t\t<div data-animation-type=\"block\" class=\"elementor-element elementor-element-c00872b animation_type_block sc_fly_static elementor-invisible elementor-widget elementor-widget-trx_sc_title\" data-id=\"c00872b\" data-element_type=\"widget\" data-e-type=\"widget\" data-settings=\"{&quot;_animation&quot;:&quot;etude-fadein&quot;,&quot;_animation_delay&quot;:100}\" data-widget_type=\"trx_sc_title.default\">\n\t\t\t\t<div class=\"elementor-widget-container\">\n\t\t\t\t\t<div\t\tclass=\"sc_title sc_title_default\" ><span class=\"sc_item_subtitle sc_title_subtitle sc_item_subtitle_above sc_item_title_style_default\">QUE NOS MUEVE<\/span><h2 class=\"sc_item_title sc_title_title sc_item_title_style_default sc_item_title_tag\"\n\t\t\t><span class=\"sc_item_title_text\">Nuestra Misi\u00f3n<\/span><\/h2><\/div>\t\t\t\t<\/div>\n\t\t\t\t<\/div>\n\t\t\t\t<div class=\"elementor-element elementor-element-82f1d6a sc_fly_static elementor-widget elementor-widget-spacer\" data-id=\"82f1d6a\" data-element_type=\"widget\" data-e-type=\"widget\" data-widget_type=\"spacer.default\">\n\t\t\t\t<div class=\"elementor-widget-container\">\n\t\t\t\t\t\t\t<div class=\"elementor-spacer\">\n\t\t\t<div class=\"elementor-spacer-inner\"><\/div>\n\t\t<\/div>\n\t\t\t\t\t\t<\/div>\n\t\t\t\t<\/div>\n\t\t\t\t<div class=\"elementor-element elementor-element-6a7367a sc_fly_static elementor-widget elementor-widget-text-editor\" data-id=\"6a7367a\" data-element_type=\"widget\" data-e-type=\"widget\" data-widget_type=\"text-editor.default\">\n\t\t\t\t<div class=\"elementor-widget-container\">\n\t\t\t\t\t\t\t\t\t<p>Proporcionar y facilitar soluciones log\u00edsticas competitivas y personalizadas, enfocadas en las operaciones de manejo de Carga, en las bodegas de nuestros clientes con estrictos est\u00e1ndares de calidad y seguridad, en miras de brindar un servicio log\u00edstico eficaz tanto en las bodegas como en la rampa.<\/p><p>Lograr la excelencia en la log\u00edstica y manejo de mercanc\u00edas confiadas a nuestra empresa, as\u00ed como los manejos profesionales en las aeronaves cargueras atendidas en los aeropuertos a nivel nacional; con el fin de dar respuesta a las necesidades de nuestros clientes, cumpliendo con las normas, regulaciones y leyes nacionales e internacionales, formando parte activa en la consecuci\u00f3n de sus objetivos.<\/p>\t\t\t\t\t\t\t\t<\/div>\n\t\t\t\t<\/div>\n\t\t\t\t\t<\/div>\n\t\t<\/div>\n\t\t\t\t<div class=\"elementor-column elementor-col-50 elementor-top-column elementor-element elementor-element-b6048c9 sc_content_align_inherit sc_layouts_column_icons_position_left sc_fly_static\" data-id=\"b6048c9\" data-element_type=\"column\" data-e-type=\"column\">\n\t\t\t<div class=\"elementor-widget-wrap elementor-element-populated\">\n\t\t\t\t\t\t<div class=\"elementor-element elementor-element-e87d2ba sc_fly_static elementor-widget elementor-widget-image\" data-id=\"e87d2ba\" data-element_type=\"widget\" data-e-type=\"widget\" data-widget_type=\"image.default\">\n\t\t\t\t<div class=\"elementor-widget-container\">\n\t\t\t\t\t\t\t\t\t\t\t\t\t\t\t<img decoding=\"async\" width=\"800\" height=\"800\" src=\"https:\/\/www.pgbpanama.com\/wp-content\/uploads\/2025\/12\/MAXH0432-1.jpg\" class=\"attachment-large size-large wp-image-24774\" alt=\"\" srcset=\"https:\/\/www.pgbpanama.com\/wp-content\/uploads\/2025\/12\/MAXH0432-1.jpg 800w, https:\/\/www.pgbpanama.com\/wp-content\/uploads\/2025\/12\/MAXH0432-1-300x300.jpg 300w, https:\/\/www.pgbpanama.com\/wp-content\/uploads\/2025\/12\/MAXH0432-1-150x150.jpg 150w, https:\/\/www.pgbpanama.com\/wp-content\/uploads\/2025\/12\/MAXH0432-1-768x768.jpg 768w, https:\/\/www.pgbpanama.com\/wp-content\/uploads\/2025\/12\/MAXH0432-1-370x370.jpg 370w, https:\/\/www.pgbpanama.com\/wp-content\/uploads\/2025\/12\/MAXH0432-1-120x120.jpg 120w, https:\/\/www.pgbpanama.com\/wp-content\/uploads\/2025\/12\/MAXH0432-1-410x410.jpg 410w, https:\/\/www.pgbpanama.com\/wp-content\/uploads\/2025\/12\/MAXH0432-1-600x600.jpg 600w, https:\/\/www.pgbpanama.com\/wp-content\/uploads\/2025\/12\/MAXH0432-1-460x460.jpg 460w\" sizes=\"(max-width: 800px) 100vw, 800px\" \/>\t\t\t\t\t\t\t\t\t\t\t\t\t\t\t<\/div>\n\t\t\t\t<\/div>\n\t\t\t\t\t<\/div>\n\t\t<\/div>\n\t\t\t\t\t<\/div>\n\t\t<\/section>\n\t\t\t\t<section class=\"elementor-section elementor-top-section elementor-element elementor-element-4e84412 elementor-section-boxed elementor-section-height-default elementor-section-height-default sc_fly_static\" data-id=\"4e84412\" data-element_type=\"section\" data-e-type=\"section\">\n\t\t\t\t\t\t<div class=\"elementor-container elementor-column-gap-extended\">\n\t\t\t\t\t<div class=\"elementor-column elementor-col-100 elementor-top-column elementor-element elementor-element-136cd66 sc_content_align_inherit sc_layouts_column_icons_position_left sc_fly_static\" data-id=\"136cd66\" data-element_type=\"column\" data-e-type=\"column\">\n\t\t\t<div class=\"elementor-widget-wrap elementor-element-populated\">\n\t\t\t\t\t\t<div class=\"elementor-element elementor-element-dc15790 sc_height_huge sc_fly_static elementor-widget elementor-widget-spacer\" data-id=\"dc15790\" data-element_type=\"widget\" data-e-type=\"widget\" data-widget_type=\"spacer.default\">\n\t\t\t\t<div class=\"elementor-widget-container\">\n\t\t\t\t\t\t\t<div class=\"elementor-spacer\">\n\t\t\t<div class=\"elementor-spacer-inner\"><\/div>\n\t\t<\/div>\n\t\t\t\t\t\t<\/div>\n\t\t\t\t<\/div>\n\t\t\t\t\t<\/div>\n\t\t<\/div>\n\t\t\t\t\t<\/div>\n\t\t<\/section>\n\t\t\t\t<section class=\"elementor-section elementor-top-section elementor-element elementor-element-a795571 elementor-section-boxed elementor-section-height-default elementor-section-height-default sc_fly_static\" data-id=\"a795571\" data-element_type=\"section\" data-e-type=\"section\">\n\t\t\t\t\t\t<div class=\"elementor-container elementor-column-gap-extended\">\n\t\t\t\t\t<div class=\"elementor-column elementor-col-50 elementor-top-column elementor-element elementor-element-758023e sc_content_align_inherit sc_layouts_column_icons_position_left sc_fly_static\" data-id=\"758023e\" data-element_type=\"column\" data-e-type=\"column\">\n\t\t\t<div class=\"elementor-widget-wrap elementor-element-populated\">\n\t\t\t\t\t\t<div class=\"elementor-element elementor-element-747401e sc_fly_static elementor-widget elementor-widget-image\" data-id=\"747401e\" data-element_type=\"widget\" data-e-type=\"widget\" data-widget_type=\"image.default\">\n\t\t\t\t<div class=\"elementor-widget-container\">\n\t\t\t\t\t\t\t\t\t\t\t\t\t\t\t<img loading=\"lazy\" decoding=\"async\" width=\"1024\" height=\"572\" src=\"https:\/\/www.pgbpanama.com\/wp-content\/uploads\/2025\/12\/1Mesa-de-trabajo-1pgb-1024x572.webp\" class=\"attachment-large size-large wp-image-25668\" alt=\"\" srcset=\"https:\/\/www.pgbpanama.com\/wp-content\/uploads\/2025\/12\/1Mesa-de-trabajo-1pgb-1024x572.webp 1024w, https:\/\/www.pgbpanama.com\/wp-content\/uploads\/2025\/12\/1Mesa-de-trabajo-1pgb-300x167.webp 300w, https:\/\/www.pgbpanama.com\/wp-content\/uploads\/2025\/12\/1Mesa-de-trabajo-1pgb-768x429.webp 768w, https:\/\/www.pgbpanama.com\/wp-content\/uploads\/2025\/12\/1Mesa-de-trabajo-1pgb-1536x857.webp 1536w, https:\/\/www.pgbpanama.com\/wp-content\/uploads\/2025\/12\/1Mesa-de-trabajo-1pgb-2048x1143.webp 2048w, https:\/\/www.pgbpanama.com\/wp-content\/uploads\/2025\/12\/1Mesa-de-trabajo-1pgb-370x207.webp 370w, https:\/\/www.pgbpanama.com\/wp-content\/uploads\/2025\/12\/1Mesa-de-trabajo-1pgb-410x229.webp 410w, https:\/\/www.pgbpanama.com\/wp-content\/uploads\/2025\/12\/1Mesa-de-trabajo-1pgb-840x469.webp 840w, https:\/\/www.pgbpanama.com\/wp-content\/uploads\/2025\/12\/1Mesa-de-trabajo-1pgb-600x335.webp 600w, https:\/\/www.pgbpanama.com\/wp-content\/uploads\/2025\/12\/1Mesa-de-trabajo-1pgb-270x152.webp 270w\" sizes=\"(max-width: 1024px) 100vw, 1024px\" \/>\t\t\t\t\t\t\t\t\t\t\t\t\t\t\t<\/div>\n\t\t\t\t<\/div>\n\t\t\t\t\t<\/div>\n\t\t<\/div>\n\t\t\t\t<div class=\"elementor-column elementor-col-50 elementor-top-column elementor-element elementor-element-bc0d22f sc_content_align_inherit sc_layouts_column_icons_position_left sc_fly_static\" data-id=\"bc0d22f\" data-element_type=\"column\" data-e-type=\"column\">\n\t\t\t<div class=\"elementor-widget-wrap elementor-element-populated\">\n\t\t\t\t\t\t<div class=\"elementor-element elementor-element-c686062 sc_fly_static elementor-widget elementor-widget-spacer\" data-id=\"c686062\" data-element_type=\"widget\" data-e-type=\"widget\" data-widget_type=\"spacer.default\">\n\t\t\t\t<div class=\"elementor-widget-container\">\n\t\t\t\t\t\t\t<div class=\"elementor-spacer\">\n\t\t\t<div class=\"elementor-spacer-inner\"><\/div>\n\t\t<\/div>\n\t\t\t\t\t\t<\/div>\n\t\t\t\t<\/div>\n\t\t\t\t<div data-animation-type=\"block\" class=\"elementor-element elementor-element-d06d319 animation_type_block sc_fly_static elementor-invisible elementor-widget elementor-widget-trx_sc_title\" data-id=\"d06d319\" data-element_type=\"widget\" data-e-type=\"widget\" data-settings=\"{&quot;_animation&quot;:&quot;etude-fadein&quot;,&quot;_animation_delay&quot;:100}\" data-widget_type=\"trx_sc_title.default\">\n\t\t\t\t<div class=\"elementor-widget-container\">\n\t\t\t\t\t<div\t\tclass=\"sc_title sc_title_default\" ><h2 class=\"sc_item_title sc_title_title sc_item_title_style_default sc_item_title_tag\"\n\t\t\t><span class=\"sc_item_title_text\">Nuestra Visi\u00f3n<\/span><\/h2><\/div>\t\t\t\t<\/div>\n\t\t\t\t<\/div>\n\t\t\t\t<div class=\"elementor-element elementor-element-7309dc3 sc_fly_static elementor-widget elementor-widget-spacer\" data-id=\"7309dc3\" data-element_type=\"widget\" data-e-type=\"widget\" data-widget_type=\"spacer.default\">\n\t\t\t\t<div class=\"elementor-widget-container\">\n\t\t\t\t\t\t\t<div class=\"elementor-spacer\">\n\t\t\t<div class=\"elementor-spacer-inner\"><\/div>\n\t\t<\/div>\n\t\t\t\t\t\t<\/div>\n\t\t\t\t<\/div>\n\t\t\t\t<div class=\"elementor-element elementor-element-f1ae36a sc_fly_static elementor-widget elementor-widget-text-editor\" data-id=\"f1ae36a\" data-element_type=\"widget\" data-e-type=\"widget\" data-widget_type=\"text-editor.default\">\n\t\t\t\t<div class=\"elementor-widget-container\">\n\t\t\t\t\t\t\t\t\t<p>Fortalecernos como uno de los principales operadores log\u00edsticos dentro de los aeropuertos del pa\u00eds, as\u00ed como en las zonas log\u00edsticas dentro y fuera de los aeropuertos, excediendo las expectativas, aportando soluciones profesionales y personalizadas en el \u00e1mbito del manejo de carga en bodegas, atenci\u00f3n a vuelos cargueros, el transporte y la log\u00edstica en general, con clara orientaci\u00f3n al cliente, basada en la formaci\u00f3n, motivaci\u00f3n, compromiso e implicaci\u00f3n de nuestro equipo humano, enmarcados en los est\u00e1ndares de calidad, seguridad y adaptabilidad a nuevas normas y regulaciones nacionales e internacionales en la aviaci\u00f3n civil.<\/p>\t\t\t\t\t\t\t\t<\/div>\n\t\t\t\t<\/div>\n\t\t\t\t\t<\/div>\n\t\t<\/div>\n\t\t\t\t\t<\/div>\n\t\t<\/section>\n\t\t\t\t<section class=\"elementor-section elementor-top-section elementor-element elementor-element-824c923 elementor-section-boxed elementor-section-height-default elementor-section-height-default sc_fly_static\" data-id=\"824c923\" data-element_type=\"section\" data-e-type=\"section\">\n\t\t\t\t\t\t<div class=\"elementor-container elementor-column-gap-extended\">\n\t\t\t\t\t<div class=\"elementor-column elementor-col-100 elementor-top-column elementor-element elementor-element-997e5bc sc_content_align_inherit sc_layouts_column_icons_position_left sc_fly_static\" data-id=\"997e5bc\" data-element_type=\"column\" data-e-type=\"column\">\n\t\t\t<div class=\"elementor-widget-wrap elementor-element-populated\">\n\t\t\t\t\t\t<div class=\"elementor-element elementor-element-bddb847 sc_height_huge sc_fly_static elementor-widget elementor-widget-spacer\" data-id=\"bddb847\" data-element_type=\"widget\" data-e-type=\"widget\" data-widget_type=\"spacer.default\">\n\t\t\t\t<div class=\"elementor-widget-container\">\n\t\t\t\t\t\t\t<div class=\"elementor-spacer\">\n\t\t\t<div class=\"elementor-spacer-inner\"><\/div>\n\t\t<\/div>\n\t\t\t\t\t\t<\/div>\n\t\t\t\t<\/div>\n\t\t\t\t\t<\/div>\n\t\t<\/div>\n\t\t\t\t\t<\/div>\n\t\t<\/section>\n\t\t\t\t<\/div>\n\t\t","protected":false},"excerpt":{"rendered":"<p>NOSOTROS L\u00edderes en Soluciones Log\u00edsticas, Manpower y Manejo de Carga en Panam\u00e1 Premium Ground Business S.A. con 20 a\u00f1os de experiencia en el sector de carga en Panam\u00e1, ofrece soluciones&hellip;<\/p>\n","protected":false},"author":1,"featured_media":0,"parent":0,"menu_order":0,"comment_status":"closed","ping_status":"closed","template":"","meta":{"_joinchat":[],"footnotes":""},"class_list":["post-18082","page","type-page","status-publish","hentry"],"_links":{"self":[{"href":"https:\/\/www.pgbpanama.com\/index.php?rest_route=\/wp\/v2\/pages\/18082","targetHints":{"allow":["GET"]}}],"collection":[{"href":"https:\/\/www.pgbpanama.com\/index.php?rest_route=\/wp\/v2\/pages"}],"about":[{"href":"https:\/\/www.pgbpanama.com\/index.php?rest_route=\/wp\/v2\/types\/page"}],"author":[{"embeddable":true,"href":"https:\/\/www.pgbpanama.com\/index.php?rest_route=\/wp\/v2\/users\/1"}],"replies":[{"embeddable":true,"href":"https:\/\/www.pgbpanama.com\/index.php?rest_route=%2Fwp%2Fv2%2Fcomments&post=18082"}],"version-history":[{"count":10,"href":"https:\/\/www.pgbpanama.com\/index.php?rest_route=\/wp\/v2\/pages\/18082\/revisions"}],"predecessor-version":[{"id":26519,"href":"https:\/\/www.pgbpanama.com\/index.php?rest_route=\/wp\/v2\/pages\/18082\/revisions\/26519"}],"wp:attachment":[{"href":"https:\/\/www.pgbpanama.com\/index.php?rest_route=%2Fwp%2Fv2%2Fmedia&parent=18082"}],"curies":[{"name":"wp","href":"https:\/\/api.w.org\/{rel}","templated":true}]}}